{"id":350,"date":"2017-12-25T02:18:28","date_gmt":"2017-12-25T08:18:28","guid":{"rendered":"https:\/\/demoapus2.com\/entaro\/?page_id=350"},"modified":"2023-08-23T23:34:40","modified_gmt":"2023-08-24T05:34:40","slug":"vacantes","status":"publish","type":"page","link":"https:\/\/www.vacantescoahuila.com\/vacantes\/vacantes\/","title":{"rendered":"Vacantes"},"content":{"rendered":"<div class=\"job_listings\" data-location=\"\" data-keywords=\"\" data-show_filters=\"true\" data-show_pagination=\"true\" data-per_page=\"10\" data-orderby=\"featured\" data-order=\"DESC\" data-categories=\"\" data-disable-form-state-storage=\"\" data-featured_first=\"false\" data-post_id=\"350\" ><div class=\"apus-grid-layout style-grid apus-listing-warpper\">\n\t<div class=\"job_filters-wrapper\" style=\"background: url(https:\/\/www.vacantescoahuila.com\/vacantes\/wp-content\/uploads\/2017\/12\/bg-jobs.jpg);\">\n\n\t<div class=\"widget-search-form  horizontal white container-fluid\">\n\t\t\t\t\t\t\t\t\t\t\t\t\t<h3 class=\"title\"><strong class=\"text-theme\">El Empleo<\/strong> Ideal<\/h3>\n\t\t\t\t\t\t\t\t\t\t<div class=\"des\">Encuentra la vacante perfecta para ti<\/div>\n\t\t\t\t\t\n\t\t<form class=\"job_filters\">\n\t\t\t\t\t\t<input class=\"input_display_mode\" type=\"hidden\" name=\"display_mode\" value=\"grid\">\n\t\t\t<input class=\"input_filter_oder\" type=\"hidden\" name=\"filter_order\" value=\"default\">\n\n\t\t\t<div class=\"filter-inner clearfix\">\n\t\t\t\t\t\t<div class=\"search_jobs\">\n\t\t\t\t\t\t\t\t<div class=\"search_jobs_inner\">\n\t\t\t\t\t<div class=\"table-visiable\">\n\t\t\t\t\t\t<div class=\"search-field-wrappe \">\n\t\t\t\t\t\t\t<input type=\"text\" name=\"search_keywords\" id=\"search_keywords\" placeholder=\"Palabras Clave (Ej. T\u00edtulo de la Vacante, Descripci\u00f3n, Etiqueta)\" value=\"\" \/>\n\t\t\t\t\t\t<\/div>\n\n\t\t\t\t\t\t\n\t\t\t\t\t\t\t\n\t\t\t\t\t\t\n\t\t\t\t\t\t\t\t\t\t\t\t\t<div class=\"wrapper-categories\">\n\t\t\t\t\t\t\t\t\t\t\t\t\t\t\t<\/div><!-- .select-categories -->\n\t\t\t\t\t\t\t\t\t\t\t<\/div>\n\t\t\t\t\t\t\t\t\t<\/div>\n\t\t\t\t\t\t\t<\/div>\n\t\t\t<\/div>\n\t\t<\/form>\n\t\t<!-- suggestion -->\n\t\t\n\t\t\n\t\t<noscript>Su navegador no soporta JavaScript o est\u00e1 deshabilitado. JavaScript debe estar habilitado para poder ver listados.<\/noscript>\n\t<\/div>\n<\/div><section class=\"main-listing-content container-fluid\">\n\t\n\t<div class=\"listing-search-result-filter\"><\/div>\n\n\t<div class=\"row\">\n\t\t<div class=\"col-sm-12 col-md-12 col-sm-12 col-xs-12 \">\n\t\t\t<div class=\"listing-action clearfix\">\n\t\t\t\t<div class=\"listing-display-mode pull-right\">\n\t\t\t\t\t<div class=\"display-mode\">\n\t\t\t\t\t\t<a href=\"#grid\" class=\"change-view active\" data-mode=\"grid\"><i class=\"fa fa-th\" aria-hidden=\"true\"><\/i><\/a>\n\t\t\t\t\t\t<a href=\"#list\" class=\"change-view \" data-mode=\"list\"><i class=\"fa fa-bars\" aria-hidden=\"true\"><\/i><\/a>\n\t\t\t\t\t<\/div>\n\t\t\t\t<\/div>\n\t\t\t\t\t\t\t\t<div class=\"listing-orderby pull-left\">\n\t\t\t\t\t<select name=\"filter_order\" autocomplete=\"off\" class=\"select-orderby\">\n\t\t\t\t\t\t\t\t\t\t\t\t\t<option value=\"default\" selected=\"selected\">Orden predeterminado\n<\/option>\n\t\t\t\t\t\t\t\t\t\t\t\t\t<option value=\"date-desc\" >El m\u00e1s reciente primero<\/option>\n\t\t\t\t\t\t\t\t\t\t\t\t\t<option value=\"date-asc\" >Los m\u00e1s viejos primero<\/option>\n\t\t\t\t\t\t\t\t\t\t\t\t\t<option value=\"random\" >Aleatorio<\/option>\n\t\t\t\t\t\t\t\t\t\t\t<\/select>\n\t\t\t\t<\/div>\n\t\t\t<\/div>\n\t\t\t<div class=\"job_listings job_listings_cards clearfix row\">\t\t\t<\/div>\n\n\t\t<\/div>\n\t\t\t\t\t\t\n\t\t\t<\/div>\n<\/section><\/div><\/div>\n","protected":false},"excerpt":{"rendered":"El Empleo Ideal Encuentra la vacante perfecta para ti Su navegador no soporta JavaScript o est\u00e1 deshabilitado. JavaScript debe estar habilitado para poder ver listados. Orden predeterminado El m\u00e1s reciente primero Los m\u00e1s viejos primero Aleatorio","protected":false},"author":1,"featured_media":0,"parent":0,"menu_order":0,"comment_status":"closed","ping_status":"closed","template":"","meta":{"footnotes":""},"class_list":["post-350","page","type-page","status-publish","hentry"],"_links":{"self":[{"href":"https:\/\/www.vacantescoahuila.com\/vacantes\/wp-json\/wp\/v2\/pages\/350","targetHints":{"allow":["GET"]}}],"collection":[{"href":"https:\/\/www.vacantescoahuila.com\/vacantes\/wp-json\/wp\/v2\/pages"}],"about":[{"href":"https:\/\/www.vacantescoahuila.com\/vacantes\/wp-json\/wp\/v2\/types\/page"}],"author":[{"embeddable":true,"href":"https:\/\/www.vacantescoahuila.com\/vacantes\/wp-json\/wp\/v2\/users\/1"}],"replies":[{"embeddable":true,"href":"https:\/\/www.vacantescoahuila.com\/vacantes\/wp-json\/wp\/v2\/comments?post=350"}],"version-history":[{"count":2,"href":"https:\/\/www.vacantescoahuila.com\/vacantes\/wp-json\/wp\/v2\/pages\/350\/revisions"}],"predecessor-version":[{"id":1529,"href":"https:\/\/www.vacantescoahuila.com\/vacantes\/wp-json\/wp\/v2\/pages\/350\/revisions\/1529"}],"wp:attachment":[{"href":"https:\/\/www.vacantescoahuila.com\/vacantes\/wp-json\/wp\/v2\/media?parent=350"}],"curies":[{"name":"wp","href":"https:\/\/api.w.org\/{rel}","templated":true}]}}